{"id":769,"date":"2020-07-27T21:29:14","date_gmt":"2020-07-27T21:29:14","guid":{"rendered":"https:\/\/kosmos.ba\/?page_id=769"},"modified":"2020-10-15T15:03:02","modified_gmt":"2020-10-15T15:03:02","slug":"kosmos-beograd","status":"publish","type":"page","link":"https:\/\/kosmos.ba\/?page_id=769","title":{"rendered":"blKOSMOSrs DOO BEOGRAD"},"content":{"rendered":"\n<p class=\"has-text-align-center has-text-color has-background has-large-font-size\" style=\"background-color:#ffffff;color:#0093dd\">Kosmos Beograd<\/p>\n\n\n\n<p>Na osnovu rje\u0161enja Agencije za privredne registre Republike Srbije od dana 23.06.2020. godine u Beogradu je registrovano pravno lice BLKOSMOSRS DOO Beograd.<\/p>\n\n\n\n<p><strong>Osnovni podaci:<\/strong><\/p>\n\n\n\n<p>Poslovno ime: BLKOSMOSRS DOO Beograd<\/p>\n\n\n\n<p>Skra\u0107eno poslovno ime: BLKOSMOSRS DOO<\/p>\n\n\n\n<p>Registarski broj\/Mati\u010dni broj: 21591114<\/p>\n\n\n\n<p>PIB: 112021220<\/p>\n\n\n\n<p>Pravna forma: Dru\u0161tvo sa ograni\u010denom odgovorno\u0161\u0107u<\/p>\n\n\n\n<p>Sjedi\u0161te: Beograd, Murska 14, Beograd-Vo\u017edovac, 11000 Beograd, Srbija<\/p>\n\n\n\n<p>Prete\u017ena djelatnost: Nespecijalizovana trgovina na veliko<\/p>\n\n\n\n<p>Direktor: Dragoljub Spasi\u0107<\/p>\n\n\n\n<figure><iframe src=\"https:\/\/www.google.com\/maps\/embed?pb=!1m18!1m12!1m3!1d1190.5495181603524!2d20.47646569661691!3d44.788553575345894!2m3!1f0!2f0!3f0!3m2!1i1024!2i768!4f13.1!3m3!1m2!1s0x475a706f68377209%3A0x554952b57502abad!2sMurska%2014%2C%20Beograd%2011000%2C%20Srbija!5e0!3m2!1sbs!2sba!4v1596650749045!5m2!1sbs!2sba\" width=\"600\" height=\"450\" allowfullscreen=\"\"><\/iframe><\/figure>\n","protected":false},"excerpt":{"rendered":"<p>Kosmos Beograd Na osnovu rje\u0161enja Agencije za privredne registre Republike Srbije od dana 23.06.2020. godine u Beogradu je registrovano pravno lice BLKOSMOSRS DOO Beograd. Osnovni podaci: Poslovno ime: BLKOSMOSRS DOO Beograd Skra\u0107eno poslovno ime: BLKOSMOSRS DOO Registarski broj\/Mati\u010dni broj: 21591114 PIB: 112021220 Pravna forma: Dru\u0161tvo sa ograni\u010denom odgovorno\u0161\u0107u Sjedi\u0161te: Beograd, Murska 14, Beograd-Vo\u017edovac, 11000 Beograd, [&hellip;]<\/p>\n","protected":false},"author":1,"featured_media":0,"parent":0,"menu_order":0,"comment_status":"closed","ping_status":"closed","template":"elementor_header_footer","meta":{"_mi_skip_tracking":false},"_links":{"self":[{"href":"https:\/\/kosmos.ba\/index.php?rest_route=\/wp\/v2\/pages\/769"}],"collection":[{"href":"https:\/\/kosmos.ba\/index.php?rest_route=\/wp\/v2\/pages"}],"about":[{"href":"https:\/\/kosmos.ba\/index.php?rest_route=\/wp\/v2\/types\/page"}],"author":[{"embeddable":true,"href":"https:\/\/kosmos.ba\/index.php?rest_route=\/wp\/v2\/users\/1"}],"replies":[{"embeddable":true,"href":"https:\/\/kosmos.ba\/index.php?rest_route=%2Fwp%2Fv2%2Fcomments&post=769"}],"version-history":[{"count":5,"href":"https:\/\/kosmos.ba\/index.php?rest_route=\/wp\/v2\/pages\/769\/revisions"}],"predecessor-version":[{"id":1311,"href":"https:\/\/kosmos.ba\/index.php?rest_route=\/wp\/v2\/pages\/769\/revisions\/1311"}],"wp:attachment":[{"href":"https:\/\/kosmos.ba\/index.php?rest_route=%2Fwp%2Fv2%2Fmedia&parent=769"}],"curies":[{"name":"wp","href":"https:\/\/api.w.org\/{rel}","templated":true}]}}