{"id":754,"date":"2020-07-27T21:17:07","date_gmt":"2020-07-27T21:17:07","guid":{"rendered":"https:\/\/kosmos.ba\/?page_id=754"},"modified":"2020-09-10T12:58:59","modified_gmt":"2020-09-10T12:58:59","slug":"vip-tunel","status":"publish","type":"page","link":"https:\/\/kosmos.ba\/?page_id=754","title":{"rendered":"VIP tunel"},"content":{"rendered":"\n<p>Mobilni dezinfekcioni VIP tunel je namijenjen za dezinfekciju i dekontaminaciju osoba i predmeta.<\/p>\n\n\n\n<p>Dobrim tehni\u010dkim rje\u0161enjem omogu\u0107en je pristup i nesmetan prolazak osoba sa posebnim potrebama.<\/p>\n\n\n\n<p>Odlikuje se samostalnim radom, jednostavan je za postavljanje i odr\u017eavanje.<\/p>\n\n\n\n<p>Pogodan je za ugradnju i instaliranje ispred banaka, poslovnih objekata, administrativnih centara, bez stvaranja redova i nepotrebnog zadr\u017eavanja, a imaju\u0107i u vidu obavezu po\u0161tovanja socijalne distance.<\/p>\n\n\n\n<p>Dezinfekcija je mogu\u0107a putem sistema za oro\u0161avanje.<\/p>\n\n\n\n<figure class=\"wp-block-image size-large\"><img loading=\"lazy\" width=\"975\" height=\"768\" src=\"https:\/\/kosmos.ba\/wp-content\/uploads\/2020\/07\/VIP1.jpg\" alt=\"\" class=\"wp-image-747\"\/><\/figure>\n\n\n\n<p>Tehni\u010dkekarakteristikedezinfekcionogVIPtunela:<\/p>\n\n\n\n<figure class=\"wp-block-table\"><table><tbody><tr><td>&nbsp;<\/td><td><strong>MobilnidezinfekcioniViptunel<\/strong><strong><\/strong><\/td><td><strong>Tehni\u010dke karakteristike<\/strong><\/td><\/tr><tr><td>1.<\/td><td>Dimenzije, H x D x \u0160<\/td><td>2275 x 700 x 1500 mm<\/td><\/tr><tr><td>2.<\/td><td>Te\u017einadezinfekcionogtunela<\/td><td>210 kg<\/td><\/tr><tr><td>3.<\/td><td>Kapacitet (osobaposatu)<\/td><td>410<\/td><\/tr><tr><td>4.<\/td><td>Zapreminarezervoara &#8211; tanka<\/td><td>100 L<\/td><\/tr><tr><td>5.<\/td><td>Mre\u017enonapajanje<\/td><td>230V, 50Hz , 1kW<\/td><\/tr><tr><td>6.<\/td><td>Sistemvisokogpritiska&nbsp;<\/td><td>Pumpa\u201cFOG 2\u201dza sistem \u201cNormist\u201d savremenskimprogramatorom (tajmerom), automatskidrena\u017enisistem, pumpavisokog kapaciteta 0,70 lit\/min kod 70 bara, napona 230 V, snage 0,7 kw,nivo buke 74 dB, kapaciteta 9 sapnica.<\/td><\/tr><\/tbody><\/table><\/figure>\n\n\n\n<h3>U sastav VIP&nbsp; tunelaulazesljede\u0107ielementi:<\/h3>\n\n\n\n<ul><li>Pumpa \u201cFOG 2\u201d satajmerom;<\/li><li>Rezervoar \u2013tank dezinficijensa<\/li><li>Naponski ormar (sa uti\u010dnicama, signalnimlampicama,dugmetomzaprinudnoisklju\u010divanje ).<\/li><\/ul>\n\n\n\n<p>VIP tunel za dezinfekciju napaja se trofaznim naponom 230 V, 50 Hz iz gradske mre\u017ee 230 V ili 380 V.<\/p>\n\n\n\n<figure class=\"wp-block-image size-large\"><img loading=\"lazy\" width=\"1024\" height=\"683\" src=\"https:\/\/kosmos.ba\/wp-content\/uploads\/2020\/07\/VIP2.jpg\" alt=\"\" class=\"wp-image-748\"\/><\/figure>\n\n\n\n<p>Komparativne prednosti mobilnog dezinfekcionog Vip tunela su: efikasna dezinfekcija, mala potro\u0161nja dezinficijensa, brz protok ljudi, mobilnost, automatsko upravljanje sistemom oro\u0161avanja dezinficijensa, upotreba u razli\u010ditim klimatskim uslovima, \u010dvrsta konstrukcija i kvalitetni materijali, jednostavno odr\u017eavanje, mali tro\u0161kovi odr\u017eavanja, mogu\u0107nost lake prenamjene,&nbsp; servisiranje od strane proizvo\u0111a\u010da tokom garantnog perioda, kratak rok isporuke gotovog proizvoda, minimalni tro\u0161kovi transporta i monta\u017ee, regulisan i za\u0161ti\u0107en sistem odvoda otpadne materije-istro\u0161enog dezinficijensa. Mogu\u0107not brendiranja i prilagodjavanja dimenzija po \u017eelji kupca, mogu\u0107nost izrade u boji, kompletna tehni\u010dka dokumentacija, certikovan proizvod.<\/p>\n\n\n\n<p>Izvr\u0161ena su sva potrebna ispitivanja u skladusa LVD direktivom is tandardom ISO 60604. Proizvod je deklarisan \u201cDeklaracija o perfomansama\u201d DoP (CE ZNAK) \u201cObilje\u017een proizvod\u201d(SKRA\u0106ENI CE ZNAK).<\/p>\n\n\n\n<div class=\"wp-block-image is-style-default\"><figure class=\"aligncenter size-large\"><img loading=\"lazy\" width=\"683\" height=\"1024\" src=\"https:\/\/kosmos.ba\/wp-content\/uploads\/2020\/07\/VIP-TUNEL-3.jpg\" alt=\"\" class=\"wp-image-761\"\/><\/figure><\/div>\n\n\n\n<p><\/p>\n","protected":false},"excerpt":{"rendered":"<p>Mobilni dezinfekcioni VIP tunel je namijenjen za dezinfekciju i dekontaminaciju osoba i predmeta. Dobrim tehni\u010dkim rje\u0161enjem omogu\u0107en je pristup i nesmetan prolazak osoba sa posebnim potrebama. Odlikuje se samostalnim radom, jednostavan je za postavljanje i odr\u017eavanje. Pogodan je za ugradnju i instaliranje ispred banaka, poslovnih objekata, administrativnih centara, bez stvaranja redova i nepotrebnog zadr\u017eavanja, a [&hellip;]<\/p>\n","protected":false},"author":1,"featured_media":0,"parent":0,"menu_order":0,"comment_status":"closed","ping_status":"closed","template":"","meta":{"_mi_skip_tracking":false},"_links":{"self":[{"href":"https:\/\/kosmos.ba\/index.php?rest_route=\/wp\/v2\/pages\/754"}],"collection":[{"href":"https:\/\/kosmos.ba\/index.php?rest_route=\/wp\/v2\/pages"}],"about":[{"href":"https:\/\/kosmos.ba\/index.php?rest_route=\/wp\/v2\/types\/page"}],"author":[{"embeddable":true,"href":"https:\/\/kosmos.ba\/index.php?rest_route=\/wp\/v2\/users\/1"}],"replies":[{"embeddable":true,"href":"https:\/\/kosmos.ba\/index.php?rest_route=%2Fwp%2Fv2%2Fcomments&post=754"}],"version-history":[{"count":5,"href":"https:\/\/kosmos.ba\/index.php?rest_route=\/wp\/v2\/pages\/754\/revisions"}],"predecessor-version":[{"id":1244,"href":"https:\/\/kosmos.ba\/index.php?rest_route=\/wp\/v2\/pages\/754\/revisions\/1244"}],"wp:attachment":[{"href":"https:\/\/kosmos.ba\/index.php?rest_route=%2Fwp%2Fv2%2Fmedia&parent=754"}],"curies":[{"name":"wp","href":"https:\/\/api.w.org\/{rel}","templated":true}]}}