{"id":54,"date":"2020-05-05T09:49:08","date_gmt":"2020-05-05T09:49:08","guid":{"rendered":"https:\/\/kosmos.ba\/?page_id=54"},"modified":"2020-08-06T10:56:02","modified_gmt":"2020-08-06T10:56:02","slug":"o-nama","status":"publish","type":"page","link":"https:\/\/kosmos.ba\/?page_id=54","title":{"rendered":"O nama"},"content":{"rendered":"\n<p class=\"has-text-align-center has-large-font-size\">O nama<\/p>\n\n\n\n<p>Privredno dru\u0161tvo \u201cKosmos\u201d a.d. Banja Luka je osnovano 1958. godine.<\/p>\n\n\n\n<p>Osnovna djelatnost Dru\u0161tva je proizvodnja i remont, a glavni tehni\u010dko-tehnolo\u0161ki kapaciteti su:<\/p>\n\n\n\n<ul><li>Ma\u0161inska proizvodnja<\/li><li>Povr\u0161inska za\u0161tita<\/li><li>Elektroenergetika i elektronika<\/li><li>Ispitne laboratorije<\/li><\/ul>\n\n\n\n<p>Dru\u0161tvo je organizovano kao akcionarsko u stopostotnom vlasni\u0161tvu Republike Srpske.<\/p>\n\n\n\n<p>Ljudski potencijal Dru\u0161tva \u010dini 150 zaposlenih, od \u010dega vi\u0161e od 50 visokoobrazovanih.<\/p>\n\n\n\n<p>Imovinu Dru\u0161tva \u010dine 70 000m<sup>2<\/sup> zemlji\u0161ta i 32 000m<sup>2<\/sup> objekata.<\/p>\n\n\n\n<p>Tehnolo\u0161ki park \u010dini 600 ma\u0161ina i 900 mjernih ure\u0111aja.<\/p>\n\n\n\n<p>Instalisana snaga za napajanje elektri\u010dnom energijom je 3,6 MW.<\/p>\n\n\n\n<p>Dru\u0161tvo posjeduje ISO standard 9001:2015 i razvijene interne procedure kontrole sistema kvaliteta.<\/p>\n","protected":false},"excerpt":{"rendered":"<p>O nama Privredno dru\u0161tvo \u201cKosmos\u201d a.d. Banja Luka je osnovano 1958. godine. Osnovna djelatnost Dru\u0161tva je proizvodnja i remont, a glavni tehni\u010dko-tehnolo\u0161ki kapaciteti su: Ma\u0161inska proizvodnja Povr\u0161inska za\u0161tita Elektroenergetika i elektronika Ispitne laboratorije Dru\u0161tvo je organizovano kao akcionarsko u stopostotnom vlasni\u0161tvu Republike Srpske. Ljudski potencijal Dru\u0161tva \u010dini 150 zaposlenih, od \u010dega vi\u0161e od 50 visokoobrazovanih. [&hellip;]<\/p>\n","protected":false},"author":1,"featured_media":0,"parent":0,"menu_order":0,"comment_status":"closed","ping_status":"closed","template":"","meta":{"_mi_skip_tracking":false},"_links":{"self":[{"href":"https:\/\/kosmos.ba\/index.php?rest_route=\/wp\/v2\/pages\/54"}],"collection":[{"href":"https:\/\/kosmos.ba\/index.php?rest_route=\/wp\/v2\/pages"}],"about":[{"href":"https:\/\/kosmos.ba\/index.php?rest_route=\/wp\/v2\/types\/page"}],"author":[{"embeddable":true,"href":"https:\/\/kosmos.ba\/index.php?rest_route=\/wp\/v2\/users\/1"}],"replies":[{"embeddable":true,"href":"https:\/\/kosmos.ba\/index.php?rest_route=%2Fwp%2Fv2%2Fcomments&post=54"}],"version-history":[{"count":4,"href":"https:\/\/kosmos.ba\/index.php?rest_route=\/wp\/v2\/pages\/54\/revisions"}],"predecessor-version":[{"id":1104,"href":"https:\/\/kosmos.ba\/index.php?rest_route=\/wp\/v2\/pages\/54\/revisions\/1104"}],"wp:attachment":[{"href":"https:\/\/kosmos.ba\/index.php?rest_route=%2Fwp%2Fv2%2Fmedia&parent=54"}],"curies":[{"name":"wp","href":"https:\/\/api.w.org\/{rel}","templated":true}]}}