{"id":441,"date":"2020-05-13T11:06:10","date_gmt":"2020-05-13T11:06:10","guid":{"rendered":"https:\/\/kosmos.ba\/?page_id=441"},"modified":"2024-10-29T19:49:34","modified_gmt":"2024-10-29T19:49:34","slug":"home","status":"publish","type":"page","link":"https:\/\/kosmos.ba\/","title":{"rendered":"Home"},"content":{"rendered":"\t\t<div data-elementor-type=\"wp-page\" data-elementor-id=\"441\" class=\"elementor elementor-441\" data-elementor-settings=\"[]\">\n\t\t\t\t\t\t<div class=\"elementor-inner\">\n\t\t\t\t\t\t\t<div class=\"elementor-section-wrap\">\n\t\t\t\t\t\t\t<section class=\"elementor-section elementor-top-section elementor-element elementor-element-f5778f3 elementor-section-boxed elementor-section-height-default elementor-section-height-default\" data-id=\"f5778f3\" data-element_type=\"section\">\n\t\t\t\t\t\t<div class=\"elementor-container elementor-column-gap-default\">\n\t\t\t\t\t\t\t<div class=\"elementor-row\">\n\t\t\t\t\t<div class=\"elementor-column elementor-col-50 elementor-top-column elementor-element elementor-element-64f4229\" data-id=\"64f4229\" data-element_type=\"column\">\n\t\t\t<div class=\"elementor-column-wrap elementor-element-populated\">\n\t\t\t\t\t\t\t<div class=\"elementor-widget-wrap\">\n\t\t\t\t\t\t<div class=\"elementor-element elementor-element-39598f0 elementor-widget elementor-widget-text-editor\" data-id=\"39598f0\" data-element_type=\"widget\" data-widget_type=\"text-editor.default\">\n\t\t\t\t<div class=\"elementor-widget-container\">\n\t\t\t\t\t\t\t\t<div class=\"elementor-text-editor elementor-clearfix\">\n\t\t\t\t<h1 style=\"color: white; padding: 5px\">Ukratko o nama<\/h1>\t\t\t\t\t<\/div>\n\t\t\t\t\t\t<\/div>\n\t\t\t\t<\/div>\n\t\t\t\t<div class=\"elementor-element elementor-element-8558c48 elementor-widget elementor-widget-text-editor\" data-id=\"8558c48\" data-element_type=\"widget\" data-widget_type=\"text-editor.default\">\n\t\t\t\t<div class=\"elementor-widget-container\">\n\t\t\t\t\t\t\t\t<div class=\"elementor-text-editor elementor-clearfix\">\n\t\t\t\t<h3 style=\"color: white; padding: 5px; margin-bottom: 5px;\">Privredno dru\u0161tvo \u201cKosmos\u201d a.d. Banja Luka je osnovano 1958. godine.<\/h3>\n<h3 style=\"color: white; padding: 5px; margin-bottom: 5px;\">Osnovna djelatnost Dru\u0161tva je proizvodnja i remont, a glavni tehni\u010dko-tehnolo\u0161ki kapaciteti su:<\/h3>\n<h3 style=\"color: white; padding: 5px; margin-bottom: 5px;\">&#8211; Ma\u0161inska proizvodnja<\/h3>\n<h3 style=\"color: white; padding: 5px; margin-bottom: 5px;\">&#8211; Povr\u0161inska za\u0161tita<\/h3>\n<h3 style=\"color: white; padding: 5px; margin-bottom: 5px;\">&#8211; Elektroenergetika i elektronika<\/h3>\n<h3 style=\"color: white; padding: 5px; margin-bottom: 5px;\">&#8211; Ispitne laboratorije<\/h3>\n<h3 style=\"color: white; padding: 5px;\">Dru\u0161tvo je organizovano kao akcionarsko u stopostotnom vlasni\u0161tvu Republike Srpske.<\/h3>\t\t\t\t\t<\/div>\n\t\t\t\t\t\t<\/div>\n\t\t\t\t<\/div>\n\t\t\t\t<div class=\"elementor-element elementor-element-47ea40a elementor-button-info elementor-align-right elementor-absolute elementor-widget elementor-widget-button\" data-id=\"47ea40a\" data-element_type=\"widget\" data-settings=\"{&quot;_position&quot;:&quot;absolute&quot;}\" data-widget_type=\"button.default\">\n\t\t\t\t<div class=\"elementor-widget-container\">\n\t\t\t\t\t<div class=\"elementor-button-wrapper\">\n\t\t\t<a href=\"https:\/\/kosmos.ba\/?page_id=54\" class=\"elementor-button-link elementor-button elementor-size-md\" role=\"button\">\n\t\t\t\t\t\t<span class=\"elementor-button-content-wrapper\">\n\t\t\t\t\t\t<span class=\"elementor-button-text\">Saznajte vi\u0161e<\/span>\n\t\t<\/span>\n\t\t\t\t\t<\/a>\n\t\t<\/div>\n\t\t\t\t<\/div>\n\t\t\t\t<\/div>\n\t\t\t\t\t\t<\/div>\n\t\t\t\t\t<\/div>\n\t\t<\/div>\n\t\t\t\t<div class=\"elementor-column elementor-col-50 elementor-top-column elementor-element elementor-element-a5d8746\" data-id=\"a5d8746\" data-element_type=\"column\">\n\t\t\t<div class=\"elementor-column-wrap elementor-element-populated\">\n\t\t\t\t\t\t\t<div class=\"elementor-widget-wrap\">\n\t\t\t\t\t\t<div class=\"elementor-element elementor-element-a46b4dc elementor-widget elementor-widget-text-editor\" data-id=\"a46b4dc\" data-element_type=\"widget\" data-widget_type=\"text-editor.default\">\n\t\t\t\t<div class=\"elementor-widget-container\">\n\t\t\t\t\t\t\t\t<div class=\"elementor-text-editor elementor-clearfix\">\n\t\t\t\t<h1 style=\"color: white; padding: 5px\" >Novosti<\/h1>\t\t\t\t\t<\/div>\n\t\t\t\t\t\t<\/div>\n\t\t\t\t<\/div>\n\t\t\t\t<div class=\"elementor-element elementor-element-a8b934e elementor-widget elementor-widget-shortcode\" data-id=\"a8b934e\" data-element_type=\"widget\" data-widget_type=\"shortcode.default\">\n\t\t\t\t<div class=\"elementor-widget-container\">\n\t\t\t\t\t<div class=\"elementor-shortcode\">\t\t<div class=\"wppsac-wrap wppsac-slick-slider-wrp wppsac-clearfix \" data-conf=\"{&quot;dots&quot;:&quot;true&quot;,&quot;arrows&quot;:&quot;true&quot;,&quot;autoplay&quot;:&quot;true&quot;,&quot;autoplay_interval&quot;:3000,&quot;speed&quot;:500,&quot;rtl&quot;:&quot;false&quot;,&quot;lazyload&quot;:&quot;&quot;}\">\r\n\t\t\t<div id=\"wppsac-post-slider-1\" class=\"wppsac-post-slider-init wppsac-post-slider design-1\">\r\n\t\t\t\t<div class=\"wppsac-post-slides\">\r\n\t<div class=\"wppsac-post-content-position\">\r\n\t\t<div class=\"wppsac-post-content-left wp-medium-8 wpcolumns\">\r\n\t\t\t\t\t\t<div class=\"wppsac-post-categories\"><ul class=\"wppsac-post-categories-list\"><li><a href=\"https:\/\/kosmos.ba\/?cat=2\">Novosti<\/a><\/li><\/ul><\/div>\r\n\t\t\t\r\n\t\t\t<h2 class=\"wppsac-post-title\">\r\n\t\t\t\t<a href=\"https:\/\/kosmos.ba\/?p=1416\">JAVNI OGLAS o prodaji nepokretnosti-poslovne zgrade u privredi sa pripadaju\u0107im zemlji\u0161tem<\/a>\r\n\t\t\t<\/h2>\r\n\r\n\t\t\t\t\t\t<div class=\"wppsac-post-date\">\r\n\t\t\t\t\t\t\t\t\t<span>By Kosmos AD<\/span>\r\n\t\t\t\t \/ January 3, 2025\t\t\t<\/div>\r\n\t\t\t\t\t\t<div class=\"wppsac-post-content\">\r\n\t\t\t\t<div class=\"wppsac-sub-content\">Na osnovu \u010dlana 348. stav 1. Zakona o stvarnim pravima (\u201eSlu\u017ebeni glasnik Republike Srpske broj 124\/08, 3\/09, 58\/09,95\/11, 60\/15 i...<\/div>\r\n\t\t\t\t\r\n\t\t\t\t\t\t\t\t<a class=\"wppsac-readmorebtn\" href=\"https:\/\/kosmos.ba\/?p=1416\">Read More<\/a>\r\n\t\t\t\t\t\t\t<\/div>\r\n\t\t\t\t\t<\/div>\r\n\t\t<div class=\"wppsac-post-image-bg\">\r\n\t\t\t<a href=\"https:\/\/kosmos.ba\/?p=1416\">\r\n\t\t\t\t\t\t\t\t<img class=\"wppsac-post-image\"  src=\"https:\/\/kosmos.ba\/wp-content\/uploads\/2021\/12\/JAVNI-POZIV.jpg\" alt=\"JAVNI OGLAS o prodaji nepokretnosti-poslovne zgrade u privredi sa pripadaju\u0107im zemlji\u0161tem\" \/>\r\n\t\t\t\t\t\t\t<\/a>\r\n\t\t<\/div>\r\n\t<\/div>\r\n<\/div><div class=\"wppsac-post-slides\">\r\n\t<div class=\"wppsac-post-content-position\">\r\n\t\t<div class=\"wppsac-post-content-left wp-medium-8 wpcolumns\">\r\n\t\t\t\t\t\t<div class=\"wppsac-post-categories\"><ul class=\"wppsac-post-categories-list\"><li><a href=\"https:\/\/kosmos.ba\/?cat=2\">Novosti<\/a><\/li><\/ul><\/div>\r\n\t\t\t\r\n\t\t\t<h2 class=\"wppsac-post-title\">\r\n\t\t\t\t<a href=\"https:\/\/kosmos.ba\/?p=1368\">JAVNI OGLAS &#8211; o prodaji nepokretnosti-poslovne zgrade u privredi sa pripadaju\u0107im zemlji\u0161tem<\/a>\r\n\t\t\t<\/h2>\r\n\r\n\t\t\t\t\t\t<div class=\"wppsac-post-date\">\r\n\t\t\t\t\t\t\t\t\t<span>By Kosmos AD<\/span>\r\n\t\t\t\t \/ December 22, 2021\t\t\t<\/div>\r\n\t\t\t\t\t\t<div class=\"wppsac-post-content\">\r\n\t\t\t\t<div class=\"wppsac-sub-content\">Na osnovu \u010dlana 348. stav 1. Zakona o stvarnim pravima (\u201eSlu\u017ebeni glasnik Republike Srpske broj 124\/08, 3\/09, 58\/09,95\/11, 60\/15 i...<\/div>\r\n\t\t\t\t\r\n\t\t\t\t\t\t\t\t<a class=\"wppsac-readmorebtn\" href=\"https:\/\/kosmos.ba\/?p=1368\">Read More<\/a>\r\n\t\t\t\t\t\t\t<\/div>\r\n\t\t\t\t\t<\/div>\r\n\t\t<div class=\"wppsac-post-image-bg\">\r\n\t\t\t<a href=\"https:\/\/kosmos.ba\/?p=1368\">\r\n\t\t\t\t\t\t\t\t<img class=\"wppsac-post-image\"  src=\"https:\/\/kosmos.ba\/wp-content\/uploads\/2021\/12\/JAVNI-POZIV.jpg\" alt=\"JAVNI OGLAS &#8211; o prodaji nepokretnosti-poslovne zgrade u privredi sa pripadaju\u0107im zemlji\u0161tem\" \/>\r\n\t\t\t\t\t\t\t<\/a>\r\n\t\t<\/div>\r\n\t<\/div>\r\n<\/div><div class=\"wppsac-post-slides\">\r\n\t<div class=\"wppsac-post-content-position\">\r\n\t\t<div class=\"wppsac-post-content-left wp-medium-8 wpcolumns\">\r\n\t\t\t\t\t\t<div class=\"wppsac-post-categories\"><ul class=\"wppsac-post-categories-list\"><li><a href=\"https:\/\/kosmos.ba\/?cat=2\">Novosti<\/a><\/li><\/ul><\/div>\r\n\t\t\t\r\n\t\t\t<h2 class=\"wppsac-post-title\">\r\n\t\t\t\t<a href=\"https:\/\/kosmos.ba\/?p=1323\">Ministar Stefanovi\u0107 obi\u0161ao preduze\u0107e \u201eKosmos\u201c u Banjaluci<\/a>\r\n\t\t\t<\/h2>\r\n\r\n\t\t\t\t\t\t<div class=\"wppsac-post-date\">\r\n\t\t\t\t\t\t\t\t\t<span>By Kosmos AD<\/span>\r\n\t\t\t\t \/ March 11, 2021\t\t\t<\/div>\r\n\t\t\t\t\t\t<div class=\"wppsac-post-content\">\r\n\t\t\t\t<div class=\"wppsac-sub-content\">Potpredsednik Vlade i ministar odbrane dr Neboj\u0161a Stefanovi\u0107 posetio je danas, u okviru dvodnevne posete Republici Srpskoj, preduze\u0107e za remont...<\/div>\r\n\t\t\t\t\r\n\t\t\t\t\t\t\t\t<a class=\"wppsac-readmorebtn\" href=\"https:\/\/kosmos.ba\/?p=1323\">Read More<\/a>\r\n\t\t\t\t\t\t\t<\/div>\r\n\t\t\t\t\t<\/div>\r\n\t\t<div class=\"wppsac-post-image-bg\">\r\n\t\t\t<a href=\"https:\/\/kosmos.ba\/?p=1323\">\r\n\t\t\t\t\t\t\t\t<img class=\"wppsac-post-image\"  src=\"https:\/\/kosmos.ba\/wp-content\/uploads\/2021\/03\/kosmos-ministar-stefanovic.jpg\" alt=\"Ministar Stefanovi\u0107 obi\u0161ao preduze\u0107e \u201eKosmos\u201c u Banjaluci\" \/>\r\n\t\t\t\t\t\t\t<\/a>\r\n\t\t<\/div>\r\n\t<\/div>\r\n<\/div><div class=\"wppsac-post-slides\">\r\n\t<div class=\"wppsac-post-content-position\">\r\n\t\t<div class=\"wppsac-post-content-left wp-medium-8 wpcolumns\">\r\n\t\t\t\t\t\t<div class=\"wppsac-post-categories\"><ul class=\"wppsac-post-categories-list\"><li><a href=\"https:\/\/kosmos.ba\/?cat=2\">Novosti<\/a><\/li><\/ul><\/div>\r\n\t\t\t\r\n\t\t\t<h2 class=\"wppsac-post-title\">\r\n\t\t\t\t<a href=\"https:\/\/kosmos.ba\/?p=1282\">Oglas za posao<\/a>\r\n\t\t\t<\/h2>\r\n\r\n\t\t\t\t\t\t<div class=\"wppsac-post-date\">\r\n\t\t\t\t\t\t\t\t\t<span>By Kosmos AD<\/span>\r\n\t\t\t\t \/ September 24, 2020\t\t\t<\/div>\r\n\t\t\t\t\t\t<div class=\"wppsac-post-content\">\r\n\t\t\t\t<div class=\"wppsac-sub-content\">Primamo u radni odnos na neodre\u0111eno vrijeme diplomiranog ekonomistu. OGLAS - diplomirani ekonomista Preuzmi<\/div>\r\n\t\t\t\t\r\n\t\t\t\t\t\t\t\t<a class=\"wppsac-readmorebtn\" href=\"https:\/\/kosmos.ba\/?p=1282\">Read More<\/a>\r\n\t\t\t\t\t\t\t<\/div>\r\n\t\t\t\t\t<\/div>\r\n\t\t<div class=\"wppsac-post-image-bg\">\r\n\t\t\t<a href=\"https:\/\/kosmos.ba\/?p=1282\">\r\n\t\t\t\t\t\t\t\t<img class=\"wppsac-post-image\"  src=\"https:\/\/kosmos.ba\/wp-content\/uploads\/2020\/09\/kosmos-oglas.jpg\" alt=\"Oglas za posao\" \/>\r\n\t\t\t\t\t\t\t<\/a>\r\n\t\t<\/div>\r\n\t<\/div>\r\n<\/div><div class=\"wppsac-post-slides\">\r\n\t<div class=\"wppsac-post-content-position\">\r\n\t\t<div class=\"wppsac-post-content-left wp-medium-8 wpcolumns\">\r\n\t\t\t\t\t\t<div class=\"wppsac-post-categories\"><ul class=\"wppsac-post-categories-list\"><li><a href=\"https:\/\/kosmos.ba\/?cat=2\">Novosti<\/a><\/li><\/ul><\/div>\r\n\t\t\t\r\n\t\t\t<h2 class=\"wppsac-post-title\">\r\n\t\t\t\t<a href=\"https:\/\/kosmos.ba\/?p=1245\">Oglas za posao<\/a>\r\n\t\t\t<\/h2>\r\n\r\n\t\t\t\t\t\t<div class=\"wppsac-post-date\">\r\n\t\t\t\t\t\t\t\t\t<span>By Kosmos AD<\/span>\r\n\t\t\t\t \/ September 10, 2020\t\t\t<\/div>\r\n\t\t\t\t\t\t<div class=\"wppsac-post-content\">\r\n\t\t\t\t<div class=\"wppsac-sub-content\">Zbog rada na projektu sa ino kupcem zapo\u0161ljavamo diplomirane in\u017eenjere elektrotehnike i diplomirane in\u017eenjere ma\u0161instva. OGLAS-IPreuzmi &nbsp; OGLAS-IIPreuzmi &nbsp;<\/div>\r\n\t\t\t\t\r\n\t\t\t\t\t\t\t\t<a class=\"wppsac-readmorebtn\" href=\"https:\/\/kosmos.ba\/?p=1245\">Read More<\/a>\r\n\t\t\t\t\t\t\t<\/div>\r\n\t\t\t\t\t<\/div>\r\n\t\t<div class=\"wppsac-post-image-bg\">\r\n\t\t\t<a href=\"https:\/\/kosmos.ba\/?p=1245\">\r\n\t\t\t\t\t\t\t\t<img class=\"wppsac-post-image\"  src=\"https:\/\/kosmos.ba\/wp-content\/uploads\/2020\/09\/oglas-za-posao.png\" alt=\"Oglas za posao\" \/>\r\n\t\t\t\t\t\t\t<\/a>\r\n\t\t<\/div>\r\n\t<\/div>\r\n<\/div><div class=\"wppsac-post-slides\">\r\n\t<div class=\"wppsac-post-content-position\">\r\n\t\t<div class=\"wppsac-post-content-left wp-medium-8 wpcolumns\">\r\n\t\t\t\t\t\t<div class=\"wppsac-post-categories\"><ul class=\"wppsac-post-categories-list\"><li><a href=\"https:\/\/kosmos.ba\/?cat=2\">Novosti<\/a><\/li><\/ul><\/div>\r\n\t\t\t\r\n\t\t\t<h2 class=\"wppsac-post-title\">\r\n\t\t\t\t<a href=\"https:\/\/kosmos.ba\/?p=1073\">UKC RS bogatiji za mobilni tunel za dezinfekciju (Foto\/Video)<\/a>\r\n\t\t\t<\/h2>\r\n\r\n\t\t\t\t\t\t<div class=\"wppsac-post-date\">\r\n\t\t\t\t\t\t\t\t\t<span>By Kosmos AD<\/span>\r\n\t\t\t\t \/ August 6, 2020\t\t\t<\/div>\r\n\t\t\t\t\t\t<div class=\"wppsac-post-content\">\r\n\t\t\t\t<div class=\"wppsac-sub-content\">https:\/\/www.banjaluka.com\/drustvo\/ukc-rs-bogatiji-za-mobilni-tunel-za-dezinfekciju-foto-video\/<\/div>\r\n\t\t\t\t\r\n\t\t\t\t\t\t\t\t<a class=\"wppsac-readmorebtn\" href=\"https:\/\/kosmos.ba\/?p=1073\">Read More<\/a>\r\n\t\t\t\t\t\t\t<\/div>\r\n\t\t\t\t\t<\/div>\r\n\t\t<div class=\"wppsac-post-image-bg\">\r\n\t\t\t<a href=\"https:\/\/kosmos.ba\/?p=1073\">\r\n\t\t\t\t\t\t\t\t<img class=\"wppsac-post-image\"  src=\"https:\/\/kosmos.ba\/wp-content\/uploads\/2020\/08\/1tunel-min.jpg\" alt=\"UKC RS bogatiji za mobilni tunel za dezinfekciju (Foto\/Video)\" \/>\r\n\t\t\t\t\t\t\t<\/a>\r\n\t\t<\/div>\r\n\t<\/div>\r\n<\/div><div class=\"wppsac-post-slides\">\r\n\t<div class=\"wppsac-post-content-position\">\r\n\t\t<div class=\"wppsac-post-content-left wp-medium-8 wpcolumns\">\r\n\t\t\t\t\t\t<div class=\"wppsac-post-categories\"><ul class=\"wppsac-post-categories-list\"><li><a href=\"https:\/\/kosmos.ba\/?cat=2\">Novosti<\/a><\/li><\/ul><\/div>\r\n\t\t\t\r\n\t\t\t<h2 class=\"wppsac-post-title\">\r\n\t\t\t\t<a href=\"https:\/\/kosmos.ba\/?p=1070\">Partnerstvo &#8220;Kosmos&#8221; i ruski koncern KRET potpisali ugovor o nabavci filtera za pre\u010di\u0161\u0107avanje vazduha<\/a>\r\n\t\t\t<\/h2>\r\n\r\n\t\t\t\t\t\t<div class=\"wppsac-post-date\">\r\n\t\t\t\t\t\t\t\t\t<span>By Kosmos AD<\/span>\r\n\t\t\t\t \/ August 6, 2020\t\t\t<\/div>\r\n\t\t\t\t\t\t<div class=\"wppsac-post-content\">\r\n\t\t\t\t<div class=\"wppsac-sub-content\">https:\/\/banjaluka.net\/partnerstvo-kosmos-i-ruski-koncern-kret-potpisali-ugovor-o-nabavci-filtera-za-preciscavanje-vazduha\/<\/div>\r\n\t\t\t\t\r\n\t\t\t\t\t\t\t\t<a class=\"wppsac-readmorebtn\" href=\"https:\/\/kosmos.ba\/?p=1070\">Read More<\/a>\r\n\t\t\t\t\t\t\t<\/div>\r\n\t\t\t\t\t<\/div>\r\n\t\t<div class=\"wppsac-post-image-bg\">\r\n\t\t\t<a href=\"https:\/\/kosmos.ba\/?p=1070\">\r\n\t\t\t\t\t\t\t\t<img class=\"wppsac-post-image\"  src=\"https:\/\/kosmos.ba\/wp-content\/uploads\/2020\/08\/kosmos-1.jpg\" alt=\"Partnerstvo &#8220;Kosmos&#8221; i ruski koncern KRET potpisali ugovor o nabavci filtera za pre\u010di\u0161\u0107avanje vazduha\" \/>\r\n\t\t\t\t\t\t\t<\/a>\r\n\t\t<\/div>\r\n\t<\/div>\r\n<\/div>\t\t\t<\/div>\r\n\t\t<\/div>\r\n\t\n<\/div>\n\t\t\t\t<\/div>\n\t\t\t\t<\/div>\n\t\t\t\t\t\t<\/div>\n\t\t\t\t\t<\/div>\n\t\t<\/div>\n\t\t\t\t\t\t\t\t<\/div>\n\t\t\t\t\t<\/div>\n\t\t<\/section>\n\t\t\t\t<section class=\"elementor-section elementor-top-section elementor-element elementor-element-64eee59 elementor-section-boxed elementor-section-height-default elementor-section-height-default\" data-id=\"64eee59\" data-element_type=\"section\">\n\t\t\t\t\t\t<div class=\"elementor-container elementor-column-gap-default\">\n\t\t\t\t\t\t\t<div class=\"elementor-row\">\n\t\t\t\t\t<div class=\"elementor-column elementor-col-100 elementor-top-column elementor-element elementor-element-932776a\" data-id=\"932776a\" data-element_type=\"column\">\n\t\t\t<div class=\"elementor-column-wrap elementor-element-populated\">\n\t\t\t\t\t\t\t<div class=\"elementor-widget-wrap\">\n\t\t\t\t\t\t<div class=\"elementor-element elementor-element-9914c7c elementor-widget-divider--view-line elementor-widget elementor-widget-divider\" data-id=\"9914c7c\" data-element_type=\"widget\" data-widget_type=\"divider.default\">\n\t\t\t\t<div class=\"elementor-widget-container\">\n\t\t\t\t\t<div class=\"elementor-divider\">\n\t\t\t<span class=\"elementor-divider-separator\">\n\t\t\t\t\t\t<\/span>\n\t\t<\/div>\n\t\t\t\t<\/div>\n\t\t\t\t<\/div>\n\t\t\t\t<div class=\"elementor-element elementor-element-e7fa42f elementor-widget__width-inherit elementor-widget elementor-widget-shortcode\" data-id=\"e7fa42f\" data-element_type=\"widget\" data-widget_type=\"shortcode.default\">\n\t\t\t\t<div class=\"elementor-widget-container\">\n\t\t\t\t\t<div class=\"elementor-shortcode\">\n<\/div>\n\t\t\t\t<\/div>\n\t\t\t\t<\/div>\n\t\t\t\t\t\t<\/div>\n\t\t\t\t\t<\/div>\n\t\t<\/div>\n\t\t\t\t\t\t\t\t<\/div>\n\t\t\t\t\t<\/div>\n\t\t<\/section>\n\t\t\t\t\t\t<\/div>\n\t\t\t\t\t\t<\/div>\n\t\t\t\t\t<\/div>\n\t\t","protected":false},"excerpt":{"rendered":"<p>Ukratko o nama Privredno dru\u0161tvo \u201cKosmos\u201d a.d. Banja Luka je osnovano 1958. godine. Osnovna djelatnost Dru\u0161tva je proizvodnja i remont, a glavni tehni\u010dko-tehnolo\u0161ki kapaciteti su: &#8211; Ma\u0161inska proizvodnja &#8211; Povr\u0161inska za\u0161tita &#8211; Elektroenergetika i elektronika &#8211; Ispitne laboratorije Dru\u0161tvo je organizovano kao akcionarsko u stopostotnom vlasni\u0161tvu Republike Srpske. Saznajte vi\u0161e Novosti<\/p>\n","protected":false},"author":1,"featured_media":0,"parent":0,"menu_order":0,"comment_status":"closed","ping_status":"closed","template":"elementor_header_footer","meta":{"_mi_skip_tracking":false},"_links":{"self":[{"href":"https:\/\/kosmos.ba\/index.php?rest_route=\/wp\/v2\/pages\/441"}],"collection":[{"href":"https:\/\/kosmos.ba\/index.php?rest_route=\/wp\/v2\/pages"}],"about":[{"href":"https:\/\/kosmos.ba\/index.php?rest_route=\/wp\/v2\/types\/page"}],"author":[{"embeddable":true,"href":"https:\/\/kosmos.ba\/index.php?rest_route=\/wp\/v2\/users\/1"}],"replies":[{"embeddable":true,"href":"https:\/\/kosmos.ba\/index.php?rest_route=%2Fwp%2Fv2%2Fcomments&post=441"}],"version-history":[{"count":53,"href":"https:\/\/kosmos.ba\/index.php?rest_route=\/wp\/v2\/pages\/441\/revisions"}],"predecessor-version":[{"id":1414,"href":"https:\/\/kosmos.ba\/index.php?rest_route=\/wp\/v2\/pages\/441\/revisions\/1414"}],"wp:attachment":[{"href":"https:\/\/kosmos.ba\/index.php?rest_route=%2Fwp%2Fv2%2Fmedia&parent=441"}],"curies":[{"name":"wp","href":"https:\/\/api.w.org\/{rel}","templated":true}]}}