{"id":2,"date":"2020-05-10T18:49:09","date_gmt":"2020-05-10T18:49:09","guid":{"rendered":"https:\/\/kosmos.ba\/?page_id=2"},"modified":"2020-09-10T12:55:53","modified_gmt":"2020-09-10T12:55:53","slug":"elektroenergetika","status":"publish","type":"page","link":"https:\/\/kosmos.ba\/?page_id=2","title":{"rendered":"Elektroenergetika"},"content":{"rendered":"<p>Divizija elektroenergetike sa zavidnim referencama i visokim kvalitetom pru\u017ea usluge projektovanja, servisiranja i odr\u017eavanja razli\u010ditih sistema, opreme i ure\u0111aja od kojih posebno izdvajamo:<\/p>\n<ul>\n<li>energetske distributivne ormare<\/li>\n<li>rotacione elektri\u010dne ma\u0161ine (motori i generatori)<\/li>\n<li>trafo stanice napona 10-35 kV<\/li>\n<li>agregate i agregatska postrojenja<\/li>\n<li>balansiranje rotora i mjerenje vibracija<\/li>\n<li>mjerenja u oblasti elektroenergetike i izdavanje upotrebnih dozvola<\/li>\n<\/ul>\n\n\n<figure class=\"wp-block-gallery columns-3 is-cropped\"><ul class=\"blocks-gallery-grid\"><li class=\"blocks-gallery-item\"><figure><img loading=\"lazy\" width=\"640\" height=\"480\" src=\"https:\/\/kosmos.ba\/wp-content\/uploads\/2020\/08\/Razvodni-ormar2-min.jpg\" alt=\"\" data-id=\"1020\" data-full-url=\"https:\/\/kosmos.ba\/wp-content\/uploads\/2020\/08\/Razvodni-ormar2-min.jpg\" data-link=\"https:\/\/kosmos.ba\/?attachment_id=1020\" class=\"wp-image-1020\"\/><\/figure><\/li><li class=\"blocks-gallery-item\"><figure><img loading=\"lazy\" width=\"429\" height=\"318\" src=\"https:\/\/kosmos.ba\/wp-content\/uploads\/2020\/08\/2-min-1.jpg\" alt=\"\" data-id=\"1006\" data-full-url=\"https:\/\/kosmos.ba\/wp-content\/uploads\/2020\/08\/2-min-1.jpg\" data-link=\"https:\/\/kosmos.ba\/?attachment_id=1006\" class=\"wp-image-1006\"\/><\/figure><\/li><li class=\"blocks-gallery-item\"><figure><img loading=\"lazy\" width=\"3648\" height=\"5472\" src=\"https:\/\/kosmos.ba\/wp-content\/uploads\/2020\/08\/za-motore-1-min.jpg\" alt=\"\" data-id=\"1022\" data-full-url=\"https:\/\/kosmos.ba\/wp-content\/uploads\/2020\/08\/za-motore-1-min.jpg\" data-link=\"https:\/\/kosmos.ba\/?attachment_id=1022\" class=\"wp-image-1022\"\/><\/figure><\/li><\/ul><\/figure>\n\n\n<p>Za uspje\u0161nu realizaciju navedenih poslova koristimo savremene mjerne ure\u0111aje i opremu od koje posebno izdvajamo opremu za:<\/p>\n<ul>\n<li>mjerenje elektri\u010dnih veli\u010dina<\/li>\n<li>mjerenje vibracija<\/li>\n<li>centriranje osovina<\/li>\n<li>mjerenje dielektri\u010dnih veli\u010dina trafo ulja<\/li>\n<li>centrifugiranje ulja<\/li>\n<li>vukuumsku impregnaciju i druge razli\u010dite pristroje i ure\u0111aje<\/li>\n<\/ul>\n\n\n<figure class=\"wp-block-gallery columns-3 is-cropped\"><ul class=\"blocks-gallery-grid\"><li class=\"blocks-gallery-item\"><figure><img loading=\"lazy\" width=\"5472\" height=\"3648\" src=\"https:\/\/kosmos.ba\/wp-content\/uploads\/2020\/08\/instrumenti-1-min.jpg\" alt=\"\" data-id=\"1014\" data-full-url=\"https:\/\/kosmos.ba\/wp-content\/uploads\/2020\/08\/instrumenti-1-min.jpg\" data-link=\"https:\/\/kosmos.ba\/?attachment_id=1014\" class=\"wp-image-1014\"\/><\/figure><\/li><li class=\"blocks-gallery-item\"><figure><img loading=\"lazy\" width=\"2594\" height=\"1876\" src=\"https:\/\/kosmos.ba\/wp-content\/uploads\/2020\/08\/10-min.jpg\" alt=\"\" data-id=\"1011\" data-full-url=\"https:\/\/kosmos.ba\/wp-content\/uploads\/2020\/08\/10-min.jpg\" data-link=\"https:\/\/kosmos.ba\/?attachment_id=1011\" class=\"wp-image-1011\"\/><\/figure><\/li><li class=\"blocks-gallery-item\"><figure><img loading=\"lazy\" width=\"2371\" height=\"1778\" src=\"https:\/\/kosmos.ba\/wp-content\/uploads\/2020\/08\/7-min-1.jpg\" alt=\"\" data-id=\"1010\" data-full-url=\"https:\/\/kosmos.ba\/wp-content\/uploads\/2020\/08\/7-min-1.jpg\" data-link=\"https:\/\/kosmos.ba\/?attachment_id=1010\" class=\"wp-image-1010\"\/><\/figure><\/li><li class=\"blocks-gallery-item\"><figure><img loading=\"lazy\" width=\"3778\" height=\"3271\" src=\"https:\/\/kosmos.ba\/wp-content\/uploads\/2020\/08\/3b-energetika-min.jpg\" alt=\"\" data-id=\"1007\" data-full-url=\"https:\/\/kosmos.ba\/wp-content\/uploads\/2020\/08\/3b-energetika-min.jpg\" data-link=\"https:\/\/kosmos.ba\/?attachment_id=1007\" class=\"wp-image-1007\"\/><\/figure><\/li><li class=\"blocks-gallery-item\"><figure><img loading=\"lazy\" width=\"3648\" height=\"5472\" src=\"https:\/\/kosmos.ba\/wp-content\/uploads\/2020\/08\/instrumenti-4-min.jpg\" alt=\"\" data-id=\"1015\" data-full-url=\"https:\/\/kosmos.ba\/wp-content\/uploads\/2020\/08\/instrumenti-4-min.jpg\" data-link=\"https:\/\/kosmos.ba\/?attachment_id=1015\" class=\"wp-image-1015\"\/><\/figure><\/li><li class=\"blocks-gallery-item\"><figure><img loading=\"lazy\" width=\"5472\" height=\"3648\" src=\"https:\/\/kosmos.ba\/wp-content\/uploads\/2020\/08\/balansiranje-sa-rotorom-min.jpg\" alt=\"\" data-id=\"1012\" data-full-url=\"https:\/\/kosmos.ba\/wp-content\/uploads\/2020\/08\/balansiranje-sa-rotorom-min.jpg\" data-link=\"https:\/\/kosmos.ba\/?attachment_id=1012\" class=\"wp-image-1012\"\/><\/figure><\/li><\/ul><\/figure>\n","protected":false},"excerpt":{"rendered":"<p>Divizija elektroenergetike sa zavidnim referencama i visokim kvalitetom pru\u017ea usluge projektovanja, servisiranja i odr\u017eavanja razli\u010ditih sistema, opreme i ure\u0111aja od kojih posebno izdvajamo: energetske distributivne ormare rotacione elektri\u010dne ma\u0161ine (motori i generatori) trafo stanice napona 10-35 kV agregate i agregatska postrojenja balansiranje rotora i mjerenje vibracija mjerenja u oblasti elektroenergetike i izdavanje upotrebnih dozvola Za [&hellip;]<\/p>\n","protected":false},"author":1,"featured_media":0,"parent":0,"menu_order":0,"comment_status":"closed","ping_status":"closed","template":"","meta":{"_mi_skip_tracking":false},"_links":{"self":[{"href":"https:\/\/kosmos.ba\/index.php?rest_route=\/wp\/v2\/pages\/2"}],"collection":[{"href":"https:\/\/kosmos.ba\/index.php?rest_route=\/wp\/v2\/pages"}],"about":[{"href":"https:\/\/kosmos.ba\/index.php?rest_route=\/wp\/v2\/types\/page"}],"author":[{"embeddable":true,"href":"https:\/\/kosmos.ba\/index.php?rest_route=\/wp\/v2\/users\/1"}],"replies":[{"embeddable":true,"href":"https:\/\/kosmos.ba\/index.php?rest_route=%2Fwp%2Fv2%2Fcomments&post=2"}],"version-history":[{"count":7,"href":"https:\/\/kosmos.ba\/index.php?rest_route=\/wp\/v2\/pages\/2\/revisions"}],"predecessor-version":[{"id":1234,"href":"https:\/\/kosmos.ba\/index.php?rest_route=\/wp\/v2\/pages\/2\/revisions\/1234"}],"wp:attachment":[{"href":"https:\/\/kosmos.ba\/index.php?rest_route=%2Fwp%2Fv2%2Fmedia&parent=2"}],"curies":[{"name":"wp","href":"https:\/\/api.w.org\/{rel}","templated":true}]}}