{"id":1421,"date":"2025-06-05T07:34:39","date_gmt":"2025-06-05T07:34:39","guid":{"rendered":"https:\/\/kosmos.ba\/?page_id=1421"},"modified":"2025-06-05T07:35:04","modified_gmt":"2025-06-05T07:35:04","slug":"okvir-za-ak-47","status":"publish","type":"page","link":"https:\/\/kosmos.ba\/?page_id=1421","title":{"rendered":"Okvir za AK-47"},"content":{"rendered":"\n<h2>Okvir za AK-47<\/h2>\n\n\n\n<p>Dru\u0161tvo se bavi izradom metalnih okvira (magazina) za pu\u0161ku AK-47, u skladu sa visokim standardima preciznosti i pouzdanosti. Proizvodni proces obuhvata \u0161tancanje, savijanje i zavarivanje \u010deli\u010dnih limova, uz strogu kontrolu kvaliteta u svim fazama izrade.<\/p>\n\n\n\n<p>Okviri kapaciteta 30 metaka odlikuju se robusno\u0161\u0107u, mehani\u010dkom otporno\u0161\u0107u i dugim vijekom trajanja, \u010dak i u ekstremnim uslovima kori\u0161\u0107enja. Povr\u0161inska za\u0161tita se vr\u0161i bruniranjem, \u010dime se posti\u017ee otpornost na koroziju i karakteristi\u010dan mat crni izgled.<\/p>\n\n\n\n<p>Po potrebi, mogu\u0107e je prilago\u0111avanje proizvodnje specifi\u010dnim tehni\u010dkim zahtjevima kupca, uz po\u0161tovanje svih va\u017ee\u0107ih zakonskih i bezbjednosnih propisa.<\/p>\n","protected":false},"excerpt":{"rendered":"<p>Okvir za AK-47 Dru\u0161tvo se bavi izradom metalnih okvira (magazina) za pu\u0161ku AK-47, u skladu sa visokim standardima preciznosti i pouzdanosti. Proizvodni proces obuhvata \u0161tancanje, savijanje i zavarivanje \u010deli\u010dnih limova, uz strogu kontrolu kvaliteta u svim fazama izrade. Okviri kapaciteta 30 metaka odlikuju se robusno\u0161\u0107u, mehani\u010dkom otporno\u0161\u0107u i dugim vijekom trajanja, \u010dak i u ekstremnim [&hellip;]<\/p>\n","protected":false},"author":2,"featured_media":0,"parent":0,"menu_order":0,"comment_status":"closed","ping_status":"closed","template":"","meta":{"_mi_skip_tracking":false},"_links":{"self":[{"href":"https:\/\/kosmos.ba\/index.php?rest_route=\/wp\/v2\/pages\/1421"}],"collection":[{"href":"https:\/\/kosmos.ba\/index.php?rest_route=\/wp\/v2\/pages"}],"about":[{"href":"https:\/\/kosmos.ba\/index.php?rest_route=\/wp\/v2\/types\/page"}],"author":[{"embeddable":true,"href":"https:\/\/kosmos.ba\/index.php?rest_route=\/wp\/v2\/users\/2"}],"replies":[{"embeddable":true,"href":"https:\/\/kosmos.ba\/index.php?rest_route=%2Fwp%2Fv2%2Fcomments&post=1421"}],"version-history":[{"count":2,"href":"https:\/\/kosmos.ba\/index.php?rest_route=\/wp\/v2\/pages\/1421\/revisions"}],"predecessor-version":[{"id":1424,"href":"https:\/\/kosmos.ba\/index.php?rest_route=\/wp\/v2\/pages\/1421\/revisions\/1424"}],"wp:attachment":[{"href":"https:\/\/kosmos.ba\/index.php?rest_route=%2Fwp%2Fv2%2Fmedia&parent=1421"}],"curies":[{"name":"wp","href":"https:\/\/api.w.org\/{rel}","templated":true}]}}