{"id":1331,"date":"2021-08-28T10:56:58","date_gmt":"2021-08-28T10:56:58","guid":{"rendered":"https:\/\/kosmos.ba\/?page_id=1331"},"modified":"2021-08-28T11:01:07","modified_gmt":"2021-08-28T11:01:07","slug":"metroloska-laboratorija-ml-12","status":"publish","type":"page","link":"https:\/\/kosmos.ba\/?page_id=1331","title":{"rendered":"METROLO\u0160KA LABORATORIJA ML 12"},"content":{"rendered":"\n<p>Metrolo\u0161ka laboratorija ML 12 je specijalizovana za metrolo\u0161ko potvr\u0111ivanje i opravku \u0161irokog asortimana mjerne opreme.<\/p>\n\n\n\n<p>Laboratorija posjeduje Rje\u0161enje o ispunjenju uslova za metrolo\u0161ko potvr\u0111ivanje mjerne opreme, a stru\u010dan kadar te moderna mjerna i etalonska oprema garant su kvaliteta obavljenih radova.<\/p>\n\n\n\n<figure class=\"wp-block-table aligncenter\"><table><tbody><tr><td class=\"has-text-align-center\" data-align=\"center\"><strong>Redni broj<\/strong><\/td><td><strong>Mjerna veli\u010dina<\/strong><\/td><td><strong>Mjerni opseg<\/strong><\/td><\/tr><tr><td class=\"has-text-align-center\" data-align=\"center\"><strong>1<\/strong><\/td><td>Frekvencija<\/td><td>50 mHz do 40 GHz<\/td><\/tr><tr><td class=\"has-text-align-center\" data-align=\"center\"><strong>2<\/strong><\/td><td>Jednosmjerni napon<\/td><td>10 mV do 50 kV<\/td><\/tr><tr><td class=\"has-text-align-center\" data-align=\"center\"><strong>3<\/strong><\/td><td>Jednosmjerna struja<\/td><td>1 mA do 20 A<\/td><\/tr><tr><td class=\"has-text-align-center\" data-align=\"center\"><strong>4<\/strong><\/td><td>Naizmjeni\u010dni napon<\/td><td>100 mV do 1100 V<\/td><\/tr><tr><td class=\"has-text-align-center\" data-align=\"center\"><strong>5<\/strong><\/td><td>Naizmjeni\u010dna struja<\/td><td>1 mA do 20 A<\/td><\/tr><tr><td class=\"has-text-align-center\" data-align=\"center\"><strong>6<\/strong><\/td><td>Otpornost<\/td><td>1 mW do 10 MW<\/td><\/tr><tr><td class=\"has-text-align-center\" data-align=\"center\"><strong>7<\/strong><\/td><td>Kapacitivnost<\/td><td>50 pF do 1,1 mF<\/td><\/tr><tr><td class=\"has-text-align-center\" data-align=\"center\"><strong>8<\/strong><\/td><td>Induktivnost<\/td><td>100 mH do 10 H<\/td><\/tr><tr><td class=\"has-text-align-center\" data-align=\"center\"><strong>9<\/strong><\/td><td>Nelinearno izobli\u010denje<\/td><td>0,1 % do 100 %<\/td><\/tr><tr><td class=\"has-text-align-center\" data-align=\"center\"><strong>10<\/strong><\/td><td>Amplitudna modulacija<\/td><td>0 % do 99 %<\/td><\/tr><tr><td class=\"has-text-align-center\" data-align=\"center\"><strong>11<\/strong><\/td><td>Frekventna modulacija<\/td><td>0 do 400 kHz<\/td><\/tr><tr><td class=\"has-text-align-center\" data-align=\"center\"><strong>12<\/strong><\/td><td>Slabljenje<\/td><td>0 do 139,9 dB<\/td><\/tr><tr><td class=\"has-text-align-center\" data-align=\"center\"><strong>13<\/strong><\/td><td>Koeficijent stoje\u0107eg talasa<\/td><td>1,02 do 10<\/td><\/tr><tr><td class=\"has-text-align-center\" data-align=\"center\"><strong>14<\/strong><\/td><td>Mikrotalasna snaga<\/td><td>0,1 nW do 25 W<\/td><\/tr><\/tbody><\/table><\/figure>\n\n\n\n<p>Na zahtjev korisnika, pregled, popravka i metrolo\u0161ko potvr\u0111ivanje mo\u017ee se vr\u0161iti i na terenu.<\/p>\n","protected":false},"excerpt":{"rendered":"<p>Metrolo\u0161ka laboratorija ML 12 je specijalizovana za metrolo\u0161ko potvr\u0111ivanje i opravku \u0161irokog asortimana mjerne opreme. Laboratorija posjeduje Rje\u0161enje o ispunjenju uslova za metrolo\u0161ko potvr\u0111ivanje mjerne opreme, a stru\u010dan kadar te moderna mjerna i etalonska oprema garant su kvaliteta obavljenih radova. Redni broj Mjerna veli\u010dina Mjerni opseg 1 Frekvencija 50 mHz do 40 GHz 2 Jednosmjerni [&hellip;]<\/p>\n","protected":false},"author":2,"featured_media":0,"parent":0,"menu_order":0,"comment_status":"closed","ping_status":"closed","template":"","meta":{"_mi_skip_tracking":false},"_links":{"self":[{"href":"https:\/\/kosmos.ba\/index.php?rest_route=\/wp\/v2\/pages\/1331"}],"collection":[{"href":"https:\/\/kosmos.ba\/index.php?rest_route=\/wp\/v2\/pages"}],"about":[{"href":"https:\/\/kosmos.ba\/index.php?rest_route=\/wp\/v2\/types\/page"}],"author":[{"embeddable":true,"href":"https:\/\/kosmos.ba\/index.php?rest_route=\/wp\/v2\/users\/2"}],"replies":[{"embeddable":true,"href":"https:\/\/kosmos.ba\/index.php?rest_route=%2Fwp%2Fv2%2Fcomments&post=1331"}],"version-history":[{"count":2,"href":"https:\/\/kosmos.ba\/index.php?rest_route=\/wp\/v2\/pages\/1331\/revisions"}],"predecessor-version":[{"id":1335,"href":"https:\/\/kosmos.ba\/index.php?rest_route=\/wp\/v2\/pages\/1331\/revisions\/1335"}],"wp:attachment":[{"href":"https:\/\/kosmos.ba\/index.php?rest_route=%2Fwp%2Fv2%2Fmedia&parent=1331"}],"curies":[{"name":"wp","href":"https:\/\/api.w.org\/{rel}","templated":true}]}}