{"id":1126,"date":"2020-08-20T14:11:30","date_gmt":"2020-08-20T14:11:30","guid":{"rendered":"https:\/\/kosmos.ba\/?page_id=1126"},"modified":"2020-09-10T12:58:52","modified_gmt":"2020-09-10T12:58:52","slug":"tiokraft-fotokataliticki-sistemi-za-preciscavanje-i-dezinfekciju-vazduha","status":"publish","type":"page","link":"https:\/\/kosmos.ba\/?page_id=1126","title":{"rendered":"TIOKRAFT \u2013 fotokataliti\u010dki sistemi za pre\u010di\u0161\u0107avanje i dezinfekciju vazduha"},"content":{"rendered":"\n<p>Inovacionu kompaniju TIOKRAFT osnovali su 2003. godine \u010dlanovi Instituta za probleme hemijske fizike Ruske akademije nauka.<\/p>\n\n\n\n<p>Od 2007. godine TIOKRAFT razvija efikasne tehnologije za sterilizaciju vazduha.<\/p>\n\n\n\n<p>Rezultat obavljenog posla je fotokataliti\u010dki sistem za pre\u010di\u0161\u0107avanje i dezinfekciju vazduha.<\/p>\n\n\n\n<p>Jedinstvenost sistema:<\/p>\n\n\n\n<ul><li>Deaktivacija svih virusa, bakterija, spora plijesni<\/li><li>Ne dolazi do nakupljanja patogene mikroflore na elementima sistema<\/li><li>Dizajn ure\u0111aja ne zahtijeva dodatne elemente<\/li><li>Me\u0111unarodna reputacija<\/li><\/ul>\n\n\n\n<p>Efikasnost ure\u0111aja potvr\u0111ena je od strane Medicinske vojne akademije Ministarstva odbrane Ruske federacije, koncerna TUV SUD AG (Njema\u010dka), Univerziteta Isto\u010dne Bavarske, Nacionalnog instituta zdravstvene za\u0161tite (Johanezburg, Ju\u017ena Afrika).<\/p>\n\n\n\n<p>Banjalu\u010dki \u201cKosmos\u201d\u201d i TIOKRAFT potpisali su ugovor o nabavci i distribuciji filtera za pre\u010di\u0161\u0107avanje vazduha, koji \u0107e biti kori\u0161teni u medicinskoj, farmaceutskoj, prehrambenoj i drugim oblastima.<\/p>\n\n\n\n<figure class=\"wp-block-image size-large\"><img loading=\"lazy\" width=\"1024\" height=\"683\" src=\"https:\/\/kosmos.ba\/wp-content\/uploads\/2020\/08\/slika-1-1024x683.jpg\" alt=\"\" class=\"wp-image-1154\" srcset=\"https:\/\/kosmos.ba\/wp-content\/uploads\/2020\/08\/slika-1-1024x683.jpg 1024w, https:\/\/kosmos.ba\/wp-content\/uploads\/2020\/08\/slika-1-300x200.jpg 300w, https:\/\/kosmos.ba\/wp-content\/uploads\/2020\/08\/slika-1-768x512.jpg 768w, https:\/\/kosmos.ba\/wp-content\/uploads\/2020\/08\/slika-1-24x16.jpg 24w, https:\/\/kosmos.ba\/wp-content\/uploads\/2020\/08\/slika-1-36x24.jpg 36w, https:\/\/kosmos.ba\/wp-content\/uploads\/2020\/08\/slika-1-48x32.jpg 48w, https:\/\/kosmos.ba\/wp-content\/uploads\/2020\/08\/slika-1.jpg 1536w\" sizes=\"(max-width: 1024px) 100vw, 1024px\" \/><\/figure>\n\n\n\n<p><\/p>\n\n\n\n<p>Filteri se trenutno mogu na\u0107i samo na ruskom i azijskom tr\u017ei\u0161tu, a kroz ovaj projekat bi\u0107e omogu\u0107ena distribucija i na evropsko tr\u017ei\u0161te.<\/p>\n\n\n\n<p><strong>O filteru<\/strong><\/p>\n\n\n\n<p>Rije\u010d je o fotokataliti\u010dkom ure\u0111aju za pre\u010di\u0161\u0107avanje vazduha koji je osmi\u0161ljen, patentiran i proizveden u Rusiji, a od svih postoje\u0107ih razlikuje se po tome \u0161to je rije\u010d o najdjelotvornijoj tehnologiji u \u010di\u0161\u0107enju i dezinfekciji vazduha od virusa, bakterija, ukalupljenih spora, plijesni i drugih organskih spojeva bez zamjene filterskih elemenata i bez nakupljanja patogene mikroflore.<\/p>\n\n\n\n<figure class=\"wp-block-gallery columns-3 is-cropped\"><ul class=\"blocks-gallery-grid\"><li class=\"blocks-gallery-item\"><figure><img loading=\"lazy\" width=\"1024\" height=\"680\" src=\"https:\/\/kosmos.ba\/wp-content\/uploads\/2020\/08\/slika-2-min-1024x680.jpg\" alt=\"\" data-id=\"1157\" data-full-url=\"https:\/\/kosmos.ba\/wp-content\/uploads\/2020\/08\/slika-2-min-scaled.jpg\" data-link=\"https:\/\/kosmos.ba\/?attachment_id=1157\" class=\"wp-image-1157\" srcset=\"https:\/\/kosmos.ba\/wp-content\/uploads\/2020\/08\/slika-2-min-1024x680.jpg 1024w, https:\/\/kosmos.ba\/wp-content\/uploads\/2020\/08\/slika-2-min-300x199.jpg 300w, https:\/\/kosmos.ba\/wp-content\/uploads\/2020\/08\/slika-2-min-768x510.jpg 768w, https:\/\/kosmos.ba\/wp-content\/uploads\/2020\/08\/slika-2-min-1536x1020.jpg 1536w, https:\/\/kosmos.ba\/wp-content\/uploads\/2020\/08\/slika-2-min-2048x1360.jpg 2048w, https:\/\/kosmos.ba\/wp-content\/uploads\/2020\/08\/slika-2-min-24x16.jpg 24w, https:\/\/kosmos.ba\/wp-content\/uploads\/2020\/08\/slika-2-min-36x24.jpg 36w, https:\/\/kosmos.ba\/wp-content\/uploads\/2020\/08\/slika-2-min-48x32.jpg 48w\" sizes=\"(max-width: 1024px) 100vw, 1024px\" \/><\/figure><\/li><li class=\"blocks-gallery-item\"><figure><img loading=\"lazy\" width=\"819\" height=\"1024\" src=\"https:\/\/kosmos.ba\/wp-content\/uploads\/2020\/08\/slika-3-min-819x1024.jpg\" alt=\"\" data-id=\"1158\" data-full-url=\"https:\/\/kosmos.ba\/wp-content\/uploads\/2020\/08\/slika-3-min.jpg\" data-link=\"https:\/\/kosmos.ba\/?attachment_id=1158\" class=\"wp-image-1158\" srcset=\"https:\/\/kosmos.ba\/wp-content\/uploads\/2020\/08\/slika-3-min-819x1024.jpg 819w, https:\/\/kosmos.ba\/wp-content\/uploads\/2020\/08\/slika-3-min-240x300.jpg 240w, https:\/\/kosmos.ba\/wp-content\/uploads\/2020\/08\/slika-3-min-768x960.jpg 768w, https:\/\/kosmos.ba\/wp-content\/uploads\/2020\/08\/slika-3-min-19x24.jpg 19w, https:\/\/kosmos.ba\/wp-content\/uploads\/2020\/08\/slika-3-min-29x36.jpg 29w, https:\/\/kosmos.ba\/wp-content\/uploads\/2020\/08\/slika-3-min-38x48.jpg 38w, https:\/\/kosmos.ba\/wp-content\/uploads\/2020\/08\/slika-3-min.jpg 880w\" sizes=\"(max-width: 819px) 100vw, 819px\" \/><\/figure><\/li><li class=\"blocks-gallery-item\"><figure><img loading=\"lazy\" width=\"1024\" height=\"680\" src=\"https:\/\/kosmos.ba\/wp-content\/uploads\/2020\/08\/slika-4-min-1024x680.jpg\" alt=\"\" data-id=\"1163\" data-full-url=\"https:\/\/kosmos.ba\/wp-content\/uploads\/2020\/08\/slika-4-min-scaled.jpg\" data-link=\"https:\/\/kosmos.ba\/?attachment_id=1163\" class=\"wp-image-1163\" srcset=\"https:\/\/kosmos.ba\/wp-content\/uploads\/2020\/08\/slika-4-min-1024x680.jpg 1024w, https:\/\/kosmos.ba\/wp-content\/uploads\/2020\/08\/slika-4-min-300x199.jpg 300w, https:\/\/kosmos.ba\/wp-content\/uploads\/2020\/08\/slika-4-min-768x510.jpg 768w, https:\/\/kosmos.ba\/wp-content\/uploads\/2020\/08\/slika-4-min-1536x1020.jpg 1536w, https:\/\/kosmos.ba\/wp-content\/uploads\/2020\/08\/slika-4-min-2048x1360.jpg 2048w, https:\/\/kosmos.ba\/wp-content\/uploads\/2020\/08\/slika-4-min-24x16.jpg 24w, https:\/\/kosmos.ba\/wp-content\/uploads\/2020\/08\/slika-4-min-36x24.jpg 36w, https:\/\/kosmos.ba\/wp-content\/uploads\/2020\/08\/slika-4-min-48x32.jpg 48w\" sizes=\"(max-width: 1024px) 100vw, 1024px\" \/><\/figure><\/li><\/ul><\/figure>\n\n\n\n<p>U zavisnosti od va\u0161ih potreba i zahtjeva ponudi\u0107emo vam ure\u0111aj koji \u0107e maksimalno pro\u010distiti vazdu\u0161ni prostor.<\/p>\n\n\n\n<p>TIOKRAFT filteri (zavisno od modela) se preporu\u010duju za upotrebu u:<\/p>\n\n\n\n<ul><li>Bolni\u010dkim sobama<\/li><li>Operacionim salama<\/li><li>Poslovnim prostorima<\/li><li>Vrti\u0107ima i jaslicama<\/li><li>Stambenim prostorijama<\/li><li>Muzejima, bibliotekama i drugim ustanovama<\/li><\/ul>\n\n\n\n<figure class=\"wp-block-gallery columns-4 is-cropped\"><ul class=\"blocks-gallery-grid\"><li class=\"blocks-gallery-item\"><figure><img loading=\"lazy\" width=\"143\" height=\"393\" src=\"https:\/\/kosmos.ba\/wp-content\/uploads\/2020\/08\/slika-5-min.jpg\" alt=\"\" data-id=\"1159\" data-full-url=\"https:\/\/kosmos.ba\/wp-content\/uploads\/2020\/08\/slika-5-min.jpg\" data-link=\"https:\/\/kosmos.ba\/?attachment_id=1159\" class=\"wp-image-1159\" srcset=\"https:\/\/kosmos.ba\/wp-content\/uploads\/2020\/08\/slika-5-min.jpg 143w, https:\/\/kosmos.ba\/wp-content\/uploads\/2020\/08\/slika-5-min-109x300.jpg 109w, https:\/\/kosmos.ba\/wp-content\/uploads\/2020\/08\/slika-5-min-9x24.jpg 9w, https:\/\/kosmos.ba\/wp-content\/uploads\/2020\/08\/slika-5-min-13x36.jpg 13w, https:\/\/kosmos.ba\/wp-content\/uploads\/2020\/08\/slika-5-min-17x48.jpg 17w\" sizes=\"(max-width: 143px) 100vw, 143px\" \/><\/figure><\/li><li class=\"blocks-gallery-item\"><figure><img loading=\"lazy\" width=\"283\" height=\"584\" src=\"https:\/\/kosmos.ba\/wp-content\/uploads\/2020\/08\/slika-8-min.jpg\" alt=\"\" data-id=\"1162\" data-full-url=\"https:\/\/kosmos.ba\/wp-content\/uploads\/2020\/08\/slika-8-min.jpg\" data-link=\"https:\/\/kosmos.ba\/?attachment_id=1162\" class=\"wp-image-1162\" srcset=\"https:\/\/kosmos.ba\/wp-content\/uploads\/2020\/08\/slika-8-min.jpg 283w, https:\/\/kosmos.ba\/wp-content\/uploads\/2020\/08\/slika-8-min-145x300.jpg 145w, https:\/\/kosmos.ba\/wp-content\/uploads\/2020\/08\/slika-8-min-12x24.jpg 12w, https:\/\/kosmos.ba\/wp-content\/uploads\/2020\/08\/slika-8-min-17x36.jpg 17w, https:\/\/kosmos.ba\/wp-content\/uploads\/2020\/08\/slika-8-min-23x48.jpg 23w\" sizes=\"(max-width: 283px) 100vw, 283px\" \/><\/figure><\/li><li class=\"blocks-gallery-item\"><figure><img loading=\"lazy\" width=\"255\" height=\"345\" src=\"https:\/\/kosmos.ba\/wp-content\/uploads\/2020\/08\/slika-7-min.jpg\" alt=\"\" data-id=\"1161\" data-full-url=\"https:\/\/kosmos.ba\/wp-content\/uploads\/2020\/08\/slika-7-min.jpg\" data-link=\"https:\/\/kosmos.ba\/?attachment_id=1161\" class=\"wp-image-1161\" srcset=\"https:\/\/kosmos.ba\/wp-content\/uploads\/2020\/08\/slika-7-min.jpg 255w, https:\/\/kosmos.ba\/wp-content\/uploads\/2020\/08\/slika-7-min-222x300.jpg 222w, https:\/\/kosmos.ba\/wp-content\/uploads\/2020\/08\/slika-7-min-18x24.jpg 18w, https:\/\/kosmos.ba\/wp-content\/uploads\/2020\/08\/slika-7-min-27x36.jpg 27w, https:\/\/kosmos.ba\/wp-content\/uploads\/2020\/08\/slika-7-min-35x48.jpg 35w\" sizes=\"(max-width: 255px) 100vw, 255px\" \/><\/figure><\/li><li class=\"blocks-gallery-item\"><figure><img loading=\"lazy\" width=\"179\" height=\"395\" src=\"https:\/\/kosmos.ba\/wp-content\/uploads\/2020\/08\/slika-6-min.jpg\" alt=\"\" data-id=\"1160\" data-full-url=\"https:\/\/kosmos.ba\/wp-content\/uploads\/2020\/08\/slika-6-min.jpg\" data-link=\"https:\/\/kosmos.ba\/?attachment_id=1160\" class=\"wp-image-1160\" srcset=\"https:\/\/kosmos.ba\/wp-content\/uploads\/2020\/08\/slika-6-min.jpg 179w, https:\/\/kosmos.ba\/wp-content\/uploads\/2020\/08\/slika-6-min-136x300.jpg 136w, https:\/\/kosmos.ba\/wp-content\/uploads\/2020\/08\/slika-6-min-11x24.jpg 11w, https:\/\/kosmos.ba\/wp-content\/uploads\/2020\/08\/slika-6-min-16x36.jpg 16w, https:\/\/kosmos.ba\/wp-content\/uploads\/2020\/08\/slika-6-min-22x48.jpg 22w\" sizes=\"(max-width: 179px) 100vw, 179px\" \/><\/figure><\/li><\/ul><\/figure>\n\n\n\n<p>Konvencionalne ure\u0111aje je mogu\u0107e personalizovati fotografijama visokog kvaliteta \u0161to omogu\u0107ava savr\u0161eno uklapanje u okolinu.<\/p>\n\n\n\n<p><strong><em>Referentna lista najve\u0107ih realizovanih projekata<\/em><\/strong><\/p>\n\n\n\n<p>1. Federalna javna ustanova \u201e3. Centralna vojno-klini\u010dka bolnica A.A. Vi\u0161njevski\u201cMinistarstva odbrane Ruske Federacije<\/p>\n\n\n\n<p>2. Federalna javna ustanova &#8220;Federalni nau\u010dni centar za transplantologiju i vje\u0161ta\u010dko osjemenjavanje Akademik V.I. \u0160umakov&#8221;;<\/p>\n\n\n\n<p>3. Javna zdravstvena ustanova &#8220;Morozovskaja dje\u010dja gradska klini\u010dka bolnica&#8221; Moskva;<\/p>\n\n\n\n<p>4. Nacionalni medicinski istra\u017eiva\u010dki centar za onkologiju \u201eN.N. Blohin\u201c pri Ministarstvu zdravlja Ruske Federacije;<\/p>\n\n\n\n<p>5. Moskovski regionalni perinatalni centar Bala\u0161iha;<\/p>\n\n\n\n<p>6. Centar za palijativnu medicinu u Podoljsku;<\/p>\n\n\n\n<p>7. Gradska klini\u010dka bolnica br. 17, Moskva;<\/p>\n\n\n\n<p>8. Nau\u010dno-prakti\u010dni centar specijalisti\u010dke medicine za za\u0161titu zdravlja djece \u201eV.F. Vojno-Jasenec\u201c pri Odjeljenju zdravstvene za\u0161tite djece g. Moskva;<\/p>\n\n\n\n<p>9. Bolnica br. 2 za borce i RVI pri Odjeljenju za javno zdravstvo g. Moskva;<\/p>\n\n\n\n<p>10. Gradska dje\u010dja klini\u010dka bolnica \u201eZ.A. Ba\u0161ljajev\u201c;<\/p>\n\n\n\n<p>11. Federalna javna ustanova \u201eSveruski centar za fitosanitarni karantin\u201c;<\/p>\n\n\n\n<p>12. Federalna javna ustanova &#8220;Ruski dr\u017eavni arhiv nau\u010dno-tehni\u010dke dokumentacije&#8221;;<\/p>\n\n\n\n<p>13. Kancelarije banaka \u201eVTB\u201c J.A.D., \u201eAlfa-Bank\u201c J.A.D. u kojima se vr\u0161e operacije sa gotovinom;<\/p>\n\n\n\n<p>14. Centrala banke \u201eRosselhozbank\u201c a.d.;<\/p>\n\n\n\n<p>15. Arhiva Privol\u0161ke banke Sberbanka Rusija;<\/p>\n\n\n\n<p>16. Regionalna odjeljenja Penzijskog fonda Ruske Federacije.<\/p>\n","protected":false},"excerpt":{"rendered":"<p>Inovacionu kompaniju TIOKRAFT osnovali su 2003. godine \u010dlanovi Instituta za probleme hemijske fizike Ruske akademije nauka. Od 2007. godine TIOKRAFT razvija efikasne tehnologije za sterilizaciju vazduha. Rezultat obavljenog posla je fotokataliti\u010dki sistem za pre\u010di\u0161\u0107avanje i dezinfekciju vazduha. Jedinstvenost sistema: Deaktivacija svih virusa, bakterija, spora plijesni Ne dolazi do nakupljanja patogene mikroflore na elementima sistema Dizajn [&hellip;]<\/p>\n","protected":false},"author":1,"featured_media":0,"parent":0,"menu_order":0,"comment_status":"closed","ping_status":"closed","template":"","meta":{"_mi_skip_tracking":false},"_links":{"self":[{"href":"https:\/\/kosmos.ba\/index.php?rest_route=\/wp\/v2\/pages\/1126"}],"collection":[{"href":"https:\/\/kosmos.ba\/index.php?rest_route=\/wp\/v2\/pages"}],"about":[{"href":"https:\/\/kosmos.ba\/index.php?rest_route=\/wp\/v2\/types\/page"}],"author":[{"embeddable":true,"href":"https:\/\/kosmos.ba\/index.php?rest_route=\/wp\/v2\/users\/1"}],"replies":[{"embeddable":true,"href":"https:\/\/kosmos.ba\/index.php?rest_route=%2Fwp%2Fv2%2Fcomments&post=1126"}],"version-history":[{"count":7,"href":"https:\/\/kosmos.ba\/index.php?rest_route=\/wp\/v2\/pages\/1126\/revisions"}],"predecessor-version":[{"id":1243,"href":"https:\/\/kosmos.ba\/index.php?rest_route=\/wp\/v2\/pages\/1126\/revisions\/1243"}],"wp:attachment":[{"href":"https:\/\/kosmos.ba\/index.php?rest_route=%2Fwp%2Fv2%2Fmedia&parent=1126"}],"curies":[{"name":"wp","href":"https:\/\/api.w.org\/{rel}","templated":true}]}}